{"id":3117,"date":"2026-04-01T11:57:56","date_gmt":"2026-04-01T09:57:56","guid":{"rendered":"https:\/\/www.villaggiolab.it\/cennamo\/?page_id=3117"},"modified":"2026-05-05T12:47:29","modified_gmt":"2026-05-05T10:47:29","slug":"linee","status":"publish","type":"page","link":"http:\/\/www.villaggiolab.it\/cennamo\/linee\/","title":{"rendered":"Linee"},"content":{"rendered":"\t\t<div data-elementor-type=\"wp-page\" data-elementor-id=\"3117\" class=\"elementor elementor-3117\" data-elementor-settings=\"{&quot;ha_cmc_init_switcher&quot;:&quot;no&quot;}\" data-elementor-post-type=\"page\">\n\t\t\t\t<div class=\"elementor-element elementor-element-9219988 e-con-full e-flex e-con e-parent\" data-id=\"9219988\" data-element_type=\"container\" data-e-type=\"container\" data-settings=\"{&quot;_ha_eqh_enable&quot;:false}\">\n\t\t\t\t<div class=\"elementor-element elementor-element-348fae0 elementor-widget elementor-widget-image\" data-id=\"348fae0\" data-element_type=\"widget\" data-e-type=\"widget\" data-widget_type=\"image.default\">\n\t\t\t\t<div class=\"elementor-widget-container\">\n\t\t\t\t\t\t\t\t\t\t\t\t\t\t\t<img fetchpriority=\"high\" decoding=\"async\" width=\"1800\" height=\"600\" src=\"http:\/\/www.villaggiolab.it\/cennamo\/wp-content\/uploads\/2026\/05\/cennamo-linee-1.jpg\" class=\"attachment-full size-full wp-image-3973\" alt=\"\" srcset=\"http:\/\/www.villaggiolab.it\/cennamo\/wp-content\/uploads\/2026\/05\/cennamo-linee-1.jpg 1800w, http:\/\/www.villaggiolab.it\/cennamo\/wp-content\/uploads\/2026\/05\/cennamo-linee-1-300x100.jpg 300w, http:\/\/www.villaggiolab.it\/cennamo\/wp-content\/uploads\/2026\/05\/cennamo-linee-1-1024x341.jpg 1024w, http:\/\/www.villaggiolab.it\/cennamo\/wp-content\/uploads\/2026\/05\/cennamo-linee-1-768x256.jpg 768w, http:\/\/www.villaggiolab.it\/cennamo\/wp-content\/uploads\/2026\/05\/cennamo-linee-1-1536x512.jpg 1536w, http:\/\/www.villaggiolab.it\/cennamo\/wp-content\/uploads\/2026\/05\/cennamo-linee-1-600x200.jpg 600w\" sizes=\"(max-width: 1800px) 100vw, 1800px\" \/>\t\t\t\t\t\t\t\t\t\t\t\t\t\t\t<\/div>\n\t\t\t\t<\/div>\n\t\t\t\t<\/div>\n\t\t<div class=\"elementor-element elementor-element-2972ed5 e-flex e-con-boxed e-con e-parent\" data-id=\"2972ed5\" data-element_type=\"container\" data-e-type=\"container\" data-settings=\"{&quot;background_background&quot;:&quot;classic&quot;,&quot;_ha_eqh_enable&quot;:false}\">\n\t\t\t\t\t<div class=\"e-con-inner\">\n\t\t<div class=\"elementor-element elementor-element-4accc72 e-con-full e-flex e-con e-child\" data-id=\"4accc72\" data-element_type=\"container\" data-e-type=\"container\" data-settings=\"{&quot;_ha_eqh_enable&quot;:false}\">\n\t\t\t\t<div class=\"elementor-element elementor-element-b0356e4 elementor-widget elementor-widget-heading\" data-id=\"b0356e4\" data-element_type=\"widget\" data-e-type=\"widget\" data-widget_type=\"heading.default\">\n\t\t\t\t<div class=\"elementor-widget-container\">\n\t\t\t\t\t<h3 class=\"elementor-heading-title elementor-size-default\">Linee<\/h3>\t\t\t\t<\/div>\n\t\t\t\t<\/div>\n\t\t\t\t<div class=\"elementor-element elementor-element-e99a883 elementor-widget elementor-widget-text-editor\" data-id=\"e99a883\" data-element_type=\"widget\" data-e-type=\"widget\" data-widget_type=\"text-editor.default\">\n\t\t\t\t<div class=\"elementor-widget-container\">\n\t\t\t\t\t\t\t\t\t<p>La nostra azienda \u00e8 impegnata a fornire i migliori alimenti per i nostri amici a 4 zampe, utilizzando solo ingredienti selezionati e processi produttivi rigorosamente controllati per garantire la massima sicurezza e qualit\u00e0.\u00a0<br \/>Siamo orgogliosi di essere tra i pochi che producono pet food interamente in Italia. Questa scelta ci permette di mantenere il controllo sulla qualit\u00e0 dei nostri prodotti ad ogni step della catena produttiva.<br \/>Tutti i nostri alimenti sono formulati per soddisfare le esigenze nutrizionali di cani e gatti, grazie all\u2019utilizzo degli ingredienti pi\u00f9 freschi e nutrienti disponibili sul mercato.\u00a0<br \/>La nostra missione \u00e8 quella di offrire ai proprietari degli animali domestici la possibilit\u00e0 di scegliere un alimento sano ed equilibrato per i loro amici a quattro zampe, senza compromessi sulla qualit\u00e0 o sulla provenienza degli ingredienti. Siamo certificati secondo gli standard pi\u00f9 elevati del settore e siamo molto orgogliosi del nostro contributo alla promozione della filiera agroalimentare italiana.<br \/>Scegliere i nostri alimenti per animali domestici significa garantire il benessere e la salute del vostro amico peloso.<\/p>\t\t\t\t\t\t\t\t<\/div>\n\t\t\t\t<\/div>\n\t\t\t\t<\/div>\n\t\t\t\t\t<\/div>\n\t\t\t\t<\/div>\n\t\t<div class=\"elementor-element elementor-element-61b4e20 e-flex e-con-boxed e-con e-parent\" data-id=\"61b4e20\" data-element_type=\"container\" data-e-type=\"container\" data-settings=\"{&quot;_ha_eqh_enable&quot;:false}\">\n\t\t\t\t\t<div class=\"e-con-inner\">\n\t\t\t\t<div class=\"elementor-element elementor-element-09b9aca elementor-widget elementor-widget-heading\" data-id=\"09b9aca\" data-element_type=\"widget\" data-e-type=\"widget\" data-widget_type=\"heading.default\">\n\t\t\t\t<div class=\"elementor-widget-container\">\n\t\t\t\t\t<h2 class=\"elementor-heading-title elementor-size-default\">Le nostre linee<\/h2>\t\t\t\t<\/div>\n\t\t\t\t<\/div>\n\t\t\t\t<div class=\"elementor-element elementor-element-0c241c1 elementor-widget elementor-widget-text-editor\" data-id=\"0c241c1\" data-element_type=\"widget\" data-e-type=\"widget\" data-widget_type=\"text-editor.default\">\n\t\t\t\t<div class=\"elementor-widget-container\">\n\t\t\t\t\t\t\t\t\tAlimenti completi e bilanciati\t\t\t\t\t\t\t\t<\/div>\n\t\t\t\t<\/div>\n\t\t\t\t\t<\/div>\n\t\t\t\t<\/div>\n\t\t<div class=\"elementor-element elementor-element-8a29261 e-flex e-con-boxed e-con e-parent\" data-id=\"8a29261\" data-element_type=\"container\" data-e-type=\"container\" data-settings=\"{&quot;_ha_eqh_enable&quot;:false}\">\n\t\t\t\t\t<div class=\"e-con-inner\">\n\t\t<div class=\"elementor-element elementor-element-ee2a8e0 e-con-full e-flex e-con e-child\" data-id=\"ee2a8e0\" data-element_type=\"container\" data-e-type=\"container\" data-settings=\"{&quot;_ha_eqh_enable&quot;:false}\">\n\t\t\t\t<div class=\"elementor-element elementor-element-9f10402 elementor-widget elementor-widget-image\" data-id=\"9f10402\" data-element_type=\"widget\" data-e-type=\"widget\" data-widget_type=\"image.default\">\n\t\t\t\t<div class=\"elementor-widget-container\">\n\t\t\t\t\t\t\t\t\t\t\t\t\t\t\t\t<a href=\"https:\/\/www.villaggiolab.it\/cennamo\/linea-ht-healty-and-tasty\/\">\n\t\t\t\t\t\t\t<img decoding=\"async\" width=\"600\" height=\"389\" src=\"http:\/\/www.villaggiolab.it\/cennamo\/wp-content\/uploads\/2026\/03\/cennamo-pet-food-linea_HT-1.webp\" class=\"attachment-full size-full wp-image-2651\" alt=\"\" srcset=\"http:\/\/www.villaggiolab.it\/cennamo\/wp-content\/uploads\/2026\/03\/cennamo-pet-food-linea_HT-1.webp 600w, http:\/\/www.villaggiolab.it\/cennamo\/wp-content\/uploads\/2026\/03\/cennamo-pet-food-linea_HT-1-300x195.webp 300w\" sizes=\"(max-width: 600px) 100vw, 600px\" \/>\t\t\t\t\t\t\t\t<\/a>\n\t\t\t\t\t\t\t\t\t\t\t\t\t\t\t<\/div>\n\t\t\t\t<\/div>\n\t\t\t\t<div class=\"elementor-element elementor-element-fa07eb5 elementor-widget elementor-widget-heading\" data-id=\"fa07eb5\" data-element_type=\"widget\" data-e-type=\"widget\" data-widget_type=\"heading.default\">\n\t\t\t\t<div class=\"elementor-widget-container\">\n\t\t\t\t\t<h3 class=\"elementor-heading-title elementor-size-default\">HT- Healthy and Tasty<\/h3>\t\t\t\t<\/div>\n\t\t\t\t<\/div>\n\t\t\t\t<div class=\"elementor-element elementor-element-1ec2f90 elementor-widget elementor-widget-text-editor\" data-id=\"1ec2f90\" data-element_type=\"widget\" data-e-type=\"widget\" data-widget_type=\"text-editor.default\">\n\t\t\t\t<div class=\"elementor-widget-container\">\n\t\t\t\t\t\t\t\t\t<p>I Prodotti\u00a0<strong>HT\u00a0<\/strong>sono una gamma completa di alimenti con formule all\u2019avanguardia, studiate per rispondere alle esigenze dei vostri cani e gatti nelle diverse fasi della loro vita. Per ogni et\u00e0, taglia e condizione fisica avrete una formula che garantisce un nutrimento\u00a0<strong>completo, gustoso e salutare<\/strong>.<\/p>\t\t\t\t\t\t\t\t<\/div>\n\t\t\t\t<\/div>\n\t\t\t\t<div class=\"elementor-element elementor-element-7ef2cd8 elementor-widget elementor-widget-button\" data-id=\"7ef2cd8\" data-element_type=\"widget\" data-e-type=\"widget\" data-widget_type=\"button.default\">\n\t\t\t\t<div class=\"elementor-widget-container\">\n\t\t\t\t\t\t\t\t\t<div class=\"elementor-button-wrapper\">\n\t\t\t\t\t<a class=\"elementor-button elementor-button-link elementor-size-sm\" href=\"https:\/\/www.villaggiolab.it\/cennamo\/linea-ht-healty-and-tasty\/\">\n\t\t\t\t\t\t<span class=\"elementor-button-content-wrapper\">\n\t\t\t\t\t\t<span class=\"elementor-button-icon\">\n\t\t\t\t<i aria-hidden=\"true\" class=\"fas fa-arrow-right\"><\/i>\t\t\t<\/span>\n\t\t\t\t\t\t\t\t\t<span class=\"elementor-button-text\">Visualizza la linea<\/span>\n\t\t\t\t\t<\/span>\n\t\t\t\t\t<\/a>\n\t\t\t\t<\/div>\n\t\t\t\t\t\t\t\t<\/div>\n\t\t\t\t<\/div>\n\t\t\t\t<\/div>\n\t\t<div class=\"elementor-element elementor-element-97c2626 e-con-full e-flex e-con e-child\" data-id=\"97c2626\" data-element_type=\"container\" data-e-type=\"container\" data-settings=\"{&quot;_ha_eqh_enable&quot;:false}\">\n\t\t\t\t<div class=\"elementor-element elementor-element-0fa6d6a elementor-widget elementor-widget-image\" data-id=\"0fa6d6a\" data-element_type=\"widget\" data-e-type=\"widget\" data-widget_type=\"image.default\">\n\t\t\t\t<div class=\"elementor-widget-container\">\n\t\t\t\t\t\t\t\t\t\t\t\t\t\t\t\t<a href=\"https:\/\/www.villaggiolab.it\/cennamo\/linee\/linea-prestige\/\">\n\t\t\t\t\t\t\t<img decoding=\"async\" width=\"600\" height=\"389\" src=\"http:\/\/www.villaggiolab.it\/cennamo\/wp-content\/uploads\/2026\/03\/cennamo-petfood-prestige.webp\" class=\"attachment-full size-full wp-image-2652\" alt=\"\" srcset=\"http:\/\/www.villaggiolab.it\/cennamo\/wp-content\/uploads\/2026\/03\/cennamo-petfood-prestige.webp 600w, http:\/\/www.villaggiolab.it\/cennamo\/wp-content\/uploads\/2026\/03\/cennamo-petfood-prestige-300x195.webp 300w\" sizes=\"(max-width: 600px) 100vw, 600px\" \/>\t\t\t\t\t\t\t\t<\/a>\n\t\t\t\t\t\t\t\t\t\t\t\t\t\t\t<\/div>\n\t\t\t\t<\/div>\n\t\t\t\t<div class=\"elementor-element elementor-element-0cb7e17 elementor-widget elementor-widget-heading\" data-id=\"0cb7e17\" data-element_type=\"widget\" data-e-type=\"widget\" data-widget_type=\"heading.default\">\n\t\t\t\t<div class=\"elementor-widget-container\">\n\t\t\t\t\t<h3 class=\"elementor-heading-title elementor-size-default\">Prestige<\/h3>\t\t\t\t<\/div>\n\t\t\t\t<\/div>\n\t\t\t\t<div class=\"elementor-element elementor-element-9764c4a elementor-widget elementor-widget-text-editor\" data-id=\"9764c4a\" data-element_type=\"widget\" data-e-type=\"widget\" data-widget_type=\"text-editor.default\">\n\t\t\t\t<div class=\"elementor-widget-container\">\n\t\t\t\t\t\t\t\t\t<p><strong>Prestige\u00a0<\/strong>\u00a0\u00e8 una linea di alimenti Top Quality di ultima generazione, tutti formulati con materie prime selezionate fin dalla loro origine e realizzati con attrezzature modernissime ad elevata tecnologia, con in pi\u00f9 la garanzia di qualit\u00e0 di una filiera interamente italiana.<\/p>\t\t\t\t\t\t\t\t<\/div>\n\t\t\t\t<\/div>\n\t\t\t\t<div class=\"elementor-element elementor-element-f3eb92f elementor-widget elementor-widget-button\" data-id=\"f3eb92f\" data-element_type=\"widget\" data-e-type=\"widget\" data-widget_type=\"button.default\">\n\t\t\t\t<div class=\"elementor-widget-container\">\n\t\t\t\t\t\t\t\t\t<div class=\"elementor-button-wrapper\">\n\t\t\t\t\t<a class=\"elementor-button elementor-button-link elementor-size-sm\" href=\"https:\/\/www.villaggiolab.it\/cennamo\/linee\/linea-prestige\/\">\n\t\t\t\t\t\t<span class=\"elementor-button-content-wrapper\">\n\t\t\t\t\t\t<span class=\"elementor-button-icon\">\n\t\t\t\t<i aria-hidden=\"true\" class=\"fas fa-arrow-right\"><\/i>\t\t\t<\/span>\n\t\t\t\t\t\t\t\t\t<span class=\"elementor-button-text\">Visualizza la linea<\/span>\n\t\t\t\t\t<\/span>\n\t\t\t\t\t<\/a>\n\t\t\t\t<\/div>\n\t\t\t\t\t\t\t\t<\/div>\n\t\t\t\t<\/div>\n\t\t\t\t<\/div>\n\t\t<div class=\"elementor-element elementor-element-878a02a e-con-full e-flex e-con e-child\" data-id=\"878a02a\" data-element_type=\"container\" data-e-type=\"container\" data-settings=\"{&quot;_ha_eqh_enable&quot;:false}\">\n\t\t\t\t<div class=\"elementor-element elementor-element-8ce6ab4 elementor-widget elementor-widget-image\" data-id=\"8ce6ab4\" data-element_type=\"widget\" data-e-type=\"widget\" data-widget_type=\"image.default\">\n\t\t\t\t<div class=\"elementor-widget-container\">\n\t\t\t\t\t\t\t\t\t\t\t\t\t\t\t\t<a href=\"https:\/\/www.villaggiolab.it\/cennamo\/linee\/linea-diamant\/\">\n\t\t\t\t\t\t\t<img loading=\"lazy\" decoding=\"async\" width=\"600\" height=\"389\" src=\"http:\/\/www.villaggiolab.it\/cennamo\/wp-content\/uploads\/2026\/03\/Diamant-badge-new-line.webp\" class=\"attachment-full size-full wp-image-2653\" alt=\"\" srcset=\"http:\/\/www.villaggiolab.it\/cennamo\/wp-content\/uploads\/2026\/03\/Diamant-badge-new-line.webp 600w, http:\/\/www.villaggiolab.it\/cennamo\/wp-content\/uploads\/2026\/03\/Diamant-badge-new-line-300x195.webp 300w\" sizes=\"(max-width: 600px) 100vw, 600px\" \/>\t\t\t\t\t\t\t\t<\/a>\n\t\t\t\t\t\t\t\t\t\t\t\t\t\t\t<\/div>\n\t\t\t\t<\/div>\n\t\t\t\t<div class=\"elementor-element elementor-element-4a1e7ec elementor-widget elementor-widget-heading\" data-id=\"4a1e7ec\" data-element_type=\"widget\" data-e-type=\"widget\" data-widget_type=\"heading.default\">\n\t\t\t\t<div class=\"elementor-widget-container\">\n\t\t\t\t\t<h3 class=\"elementor-heading-title elementor-size-default\">Diamant<\/h3>\t\t\t\t<\/div>\n\t\t\t\t<\/div>\n\t\t\t\t<div class=\"elementor-element elementor-element-3b49816 elementor-widget elementor-widget-text-editor\" data-id=\"3b49816\" data-element_type=\"widget\" data-e-type=\"widget\" data-widget_type=\"text-editor.default\">\n\t\t\t\t<div class=\"elementor-widget-container\">\n\t\t\t\t\t\t\t\t\t<p>Diamant \u00e8 una linea di alimenti per cani e gatti a base di materie prime selezionate che assicurano un\u00a0<strong>\u00a0elevato apporto di proteine nobili<\/strong>\u00a0e quindi di aminoacidi in dosaggi ideali per l\u2019accrescimento e l\u2019espletamento delle funzioni organiche.<\/p>\t\t\t\t\t\t\t\t<\/div>\n\t\t\t\t<\/div>\n\t\t\t\t<div class=\"elementor-element elementor-element-075a37c elementor-widget elementor-widget-button\" data-id=\"075a37c\" data-element_type=\"widget\" data-e-type=\"widget\" data-widget_type=\"button.default\">\n\t\t\t\t<div class=\"elementor-widget-container\">\n\t\t\t\t\t\t\t\t\t<div class=\"elementor-button-wrapper\">\n\t\t\t\t\t<a class=\"elementor-button elementor-button-link elementor-size-sm\" href=\"https:\/\/www.villaggiolab.it\/cennamo\/linee\/linea-diamant\/\">\n\t\t\t\t\t\t<span class=\"elementor-button-content-wrapper\">\n\t\t\t\t\t\t<span class=\"elementor-button-icon\">\n\t\t\t\t<i aria-hidden=\"true\" class=\"fas fa-arrow-right\"><\/i>\t\t\t<\/span>\n\t\t\t\t\t\t\t\t\t<span class=\"elementor-button-text\">Visualizza la linea<\/span>\n\t\t\t\t\t<\/span>\n\t\t\t\t\t<\/a>\n\t\t\t\t<\/div>\n\t\t\t\t\t\t\t\t<\/div>\n\t\t\t\t<\/div>\n\t\t\t\t<\/div>\n\t\t\t\t\t<\/div>\n\t\t\t\t<\/div>\n\t\t<div class=\"elementor-element elementor-element-512558f e-flex e-con-boxed e-con e-parent\" data-id=\"512558f\" data-element_type=\"container\" data-e-type=\"container\" data-settings=\"{&quot;_ha_eqh_enable&quot;:false}\">\n\t\t\t\t\t<div class=\"e-con-inner\">\n\t\t<div class=\"elementor-element elementor-element-f4128c8 e-con-full e-flex e-con e-child\" data-id=\"f4128c8\" data-element_type=\"container\" data-e-type=\"container\" data-settings=\"{&quot;_ha_eqh_enable&quot;:false}\">\n\t\t\t\t<div class=\"elementor-element elementor-element-aceef41 elementor-widget elementor-widget-image\" data-id=\"aceef41\" data-element_type=\"widget\" data-e-type=\"widget\" data-widget_type=\"image.default\">\n\t\t\t\t<div class=\"elementor-widget-container\">\n\t\t\t\t\t\t\t\t\t\t\t\t\t\t\t\t<a href=\"https:\/\/www.villaggiolab.it\/cennamo\/linee\/linea-pluto-e-starcat\/\">\n\t\t\t\t\t\t\t<img loading=\"lazy\" decoding=\"async\" width=\"600\" height=\"389\" src=\"http:\/\/www.villaggiolab.it\/cennamo\/wp-content\/uploads\/2026\/03\/cennamo-pluto-banner.webp\" class=\"attachment-full size-full wp-image-2660\" alt=\"\" srcset=\"http:\/\/www.villaggiolab.it\/cennamo\/wp-content\/uploads\/2026\/03\/cennamo-pluto-banner.webp 600w, http:\/\/www.villaggiolab.it\/cennamo\/wp-content\/uploads\/2026\/03\/cennamo-pluto-banner-300x195.webp 300w\" sizes=\"(max-width: 600px) 100vw, 600px\" \/>\t\t\t\t\t\t\t\t<\/a>\n\t\t\t\t\t\t\t\t\t\t\t\t\t\t\t<\/div>\n\t\t\t\t<\/div>\n\t\t\t\t<div class=\"elementor-element elementor-element-af5267d elementor-widget elementor-widget-heading\" data-id=\"af5267d\" data-element_type=\"widget\" data-e-type=\"widget\" data-widget_type=\"heading.default\">\n\t\t\t\t<div class=\"elementor-widget-container\">\n\t\t\t\t\t<h3 class=\"elementor-heading-title elementor-size-default\">Pluto &amp; StarCat<\/h3>\t\t\t\t<\/div>\n\t\t\t\t<\/div>\n\t\t\t\t<div class=\"elementor-element elementor-element-064aebf elementor-widget elementor-widget-text-editor\" data-id=\"064aebf\" data-element_type=\"widget\" data-e-type=\"widget\" data-widget_type=\"text-editor.default\">\n\t\t\t\t<div class=\"elementor-widget-container\">\n\t\t\t\t\t\t\t\t\t<p>Una linea di alimenti per cani e gatti formulati in base alle attivit\u00e0 svolte dai vostri cani per garantire un nutrimento\u00a0<strong>completo, gustoso e salutare<\/strong>.<\/p>\t\t\t\t\t\t\t\t<\/div>\n\t\t\t\t<\/div>\n\t\t\t\t<div class=\"elementor-element elementor-element-765c45c elementor-widget elementor-widget-button\" data-id=\"765c45c\" data-element_type=\"widget\" data-e-type=\"widget\" data-widget_type=\"button.default\">\n\t\t\t\t<div class=\"elementor-widget-container\">\n\t\t\t\t\t\t\t\t\t<div class=\"elementor-button-wrapper\">\n\t\t\t\t\t<a class=\"elementor-button elementor-button-link elementor-size-sm\" href=\"https:\/\/www.villaggiolab.it\/cennamo\/linee\/linea-pluto-e-starcat\/\">\n\t\t\t\t\t\t<span class=\"elementor-button-content-wrapper\">\n\t\t\t\t\t\t<span class=\"elementor-button-icon\">\n\t\t\t\t<i aria-hidden=\"true\" class=\"fas fa-arrow-right\"><\/i>\t\t\t<\/span>\n\t\t\t\t\t\t\t\t\t<span class=\"elementor-button-text\">Visualizza la linea<\/span>\n\t\t\t\t\t<\/span>\n\t\t\t\t\t<\/a>\n\t\t\t\t<\/div>\n\t\t\t\t\t\t\t\t<\/div>\n\t\t\t\t<\/div>\n\t\t\t\t<\/div>\n\t\t<div class=\"elementor-element elementor-element-fb8dd0f e-con-full e-flex e-con e-child\" data-id=\"fb8dd0f\" data-element_type=\"container\" data-e-type=\"container\" data-settings=\"{&quot;_ha_eqh_enable&quot;:false}\">\n\t\t\t\t<div class=\"elementor-element elementor-element-4c87548 elementor-widget elementor-widget-image\" data-id=\"4c87548\" data-element_type=\"widget\" data-e-type=\"widget\" data-widget_type=\"image.default\">\n\t\t\t\t<div class=\"elementor-widget-container\">\n\t\t\t\t\t\t\t\t\t\t\t\t\t\t\t\t<a href=\"https:\/\/www.villaggiolab.it\/cennamo\/linee\/linea-top-sprint\/\">\n\t\t\t\t\t\t\t<img loading=\"lazy\" decoding=\"async\" width=\"600\" height=\"389\" src=\"http:\/\/www.villaggiolab.it\/cennamo\/wp-content\/uploads\/2026\/03\/cennamo-pet-food-linee5.webp\" class=\"attachment-full size-full wp-image-2661\" alt=\"\" srcset=\"http:\/\/www.villaggiolab.it\/cennamo\/wp-content\/uploads\/2026\/03\/cennamo-pet-food-linee5.webp 600w, http:\/\/www.villaggiolab.it\/cennamo\/wp-content\/uploads\/2026\/03\/cennamo-pet-food-linee5-300x195.webp 300w\" sizes=\"(max-width: 600px) 100vw, 600px\" \/>\t\t\t\t\t\t\t\t<\/a>\n\t\t\t\t\t\t\t\t\t\t\t\t\t\t\t<\/div>\n\t\t\t\t<\/div>\n\t\t\t\t<div class=\"elementor-element elementor-element-220aaa5 elementor-widget elementor-widget-heading\" data-id=\"220aaa5\" data-element_type=\"widget\" data-e-type=\"widget\" data-widget_type=\"heading.default\">\n\t\t\t\t<div class=\"elementor-widget-container\">\n\t\t\t\t\t<h3 class=\"elementor-heading-title elementor-size-default\">Top Sprint<\/h3>\t\t\t\t<\/div>\n\t\t\t\t<\/div>\n\t\t\t\t<div class=\"elementor-element elementor-element-13783c7 elementor-widget elementor-widget-text-editor\" data-id=\"13783c7\" data-element_type=\"widget\" data-e-type=\"widget\" data-widget_type=\"text-editor.default\">\n\t\t\t\t<div class=\"elementor-widget-container\">\n\t\t\t\t\t\t\t\t\t<p>Una moderna linea di alimenti per cani di alta gamma, elaborata con sofisticata tecnologia e formulata da esperti veterinari con<strong>ingredienti selezionati<\/strong>di primissima qualit\u00e0.<\/p>\t\t\t\t\t\t\t\t<\/div>\n\t\t\t\t<\/div>\n\t\t\t\t<div class=\"elementor-element elementor-element-2686d42 elementor-widget elementor-widget-button\" data-id=\"2686d42\" data-element_type=\"widget\" data-e-type=\"widget\" data-widget_type=\"button.default\">\n\t\t\t\t<div class=\"elementor-widget-container\">\n\t\t\t\t\t\t\t\t\t<div class=\"elementor-button-wrapper\">\n\t\t\t\t\t<a class=\"elementor-button elementor-button-link elementor-size-sm\" href=\"https:\/\/www.villaggiolab.it\/cennamo\/linee\/linea-top-sprint\/\">\n\t\t\t\t\t\t<span class=\"elementor-button-content-wrapper\">\n\t\t\t\t\t\t<span class=\"elementor-button-icon\">\n\t\t\t\t<i aria-hidden=\"true\" class=\"fas fa-arrow-right\"><\/i>\t\t\t<\/span>\n\t\t\t\t\t\t\t\t\t<span class=\"elementor-button-text\">Visualizza la linea<\/span>\n\t\t\t\t\t<\/span>\n\t\t\t\t\t<\/a>\n\t\t\t\t<\/div>\n\t\t\t\t\t\t\t\t<\/div>\n\t\t\t\t<\/div>\n\t\t\t\t<\/div>\n\t\t<div class=\"elementor-element elementor-element-08d6edf e-con-full e-flex e-con e-child\" data-id=\"08d6edf\" data-element_type=\"container\" data-e-type=\"container\" data-settings=\"{&quot;_ha_eqh_enable&quot;:false}\">\n\t\t\t\t<div class=\"elementor-element elementor-element-1789437 elementor-widget elementor-widget-image\" data-id=\"1789437\" data-element_type=\"widget\" data-e-type=\"widget\" data-widget_type=\"image.default\">\n\t\t\t\t<div class=\"elementor-widget-container\">\n\t\t\t\t\t\t\t\t\t\t\t\t\t\t\t\t<a href=\"https:\/\/www.villaggiolab.it\/cennamo\/linee\/linea-love-e-zooe\/\">\n\t\t\t\t\t\t\t<img loading=\"lazy\" decoding=\"async\" width=\"600\" height=\"389\" src=\"http:\/\/www.villaggiolab.it\/cennamo\/wp-content\/uploads\/2026\/03\/cennamo-pet-food-linee6.webp\" class=\"attachment-full size-full wp-image-2662\" alt=\"\" srcset=\"http:\/\/www.villaggiolab.it\/cennamo\/wp-content\/uploads\/2026\/03\/cennamo-pet-food-linee6.webp 600w, http:\/\/www.villaggiolab.it\/cennamo\/wp-content\/uploads\/2026\/03\/cennamo-pet-food-linee6-300x195.webp 300w\" sizes=\"(max-width: 600px) 100vw, 600px\" \/>\t\t\t\t\t\t\t\t<\/a>\n\t\t\t\t\t\t\t\t\t\t\t\t\t\t\t<\/div>\n\t\t\t\t<\/div>\n\t\t\t\t<div class=\"elementor-element elementor-element-666f68b elementor-widget elementor-widget-heading\" data-id=\"666f68b\" data-element_type=\"widget\" data-e-type=\"widget\" data-widget_type=\"heading.default\">\n\t\t\t\t<div class=\"elementor-widget-container\">\n\t\t\t\t\t<h3 class=\"elementor-heading-title elementor-size-default\">My Love e Zoo\u00e8<\/h3>\t\t\t\t<\/div>\n\t\t\t\t<\/div>\n\t\t\t\t<div class=\"elementor-element elementor-element-7719fbd elementor-widget elementor-widget-text-editor\" data-id=\"7719fbd\" data-element_type=\"widget\" data-e-type=\"widget\" data-widget_type=\"text-editor.default\">\n\t\t\t\t<div class=\"elementor-widget-container\">\n\t\t\t\t\t\t\t\t\t<p>Linea completa di\u00a0<strong>cosmetici\u00a0<\/strong>destinati alla cura ed alla bellezza di Cani e Gatti con un occhio all&#8217;ambiente in cui vivono sviluppata e prodotta direttamente in uno dei nostri stabilimenti.<\/p>\t\t\t\t\t\t\t\t<\/div>\n\t\t\t\t<\/div>\n\t\t\t\t<div class=\"elementor-element elementor-element-21cfc7d elementor-widget elementor-widget-button\" data-id=\"21cfc7d\" data-element_type=\"widget\" data-e-type=\"widget\" data-widget_type=\"button.default\">\n\t\t\t\t<div class=\"elementor-widget-container\">\n\t\t\t\t\t\t\t\t\t<div class=\"elementor-button-wrapper\">\n\t\t\t\t\t<a class=\"elementor-button elementor-button-link elementor-size-sm\" href=\"https:\/\/www.villaggiolab.it\/cennamo\/linee\/linea-love-e-zooe\/\">\n\t\t\t\t\t\t<span class=\"elementor-button-content-wrapper\">\n\t\t\t\t\t\t<span class=\"elementor-button-icon\">\n\t\t\t\t<i aria-hidden=\"true\" class=\"fas fa-arrow-right\"><\/i>\t\t\t<\/span>\n\t\t\t\t\t\t\t\t\t<span class=\"elementor-button-text\">Visualizza la linea<\/span>\n\t\t\t\t\t<\/span>\n\t\t\t\t\t<\/a>\n\t\t\t\t<\/div>\n\t\t\t\t\t\t\t\t<\/div>\n\t\t\t\t<\/div>\n\t\t\t\t<\/div>\n\t\t\t\t\t<\/div>\n\t\t\t\t<\/div>\n\t\t\t\t<\/div>\n\t\t","protected":false},"excerpt":{"rendered":"<p>Linee La nostra azienda \u00e8 impegnata a fornire i migliori alimenti per i nostri amici a 4 zampe, utilizzando solo ingredienti selezionati e processi produttivi rigorosamente controllati per garantire la massima sicurezza e qualit\u00e0.\u00a0Siamo orgogliosi di essere tra i pochi che producono pet food interamente in Italia. Questa scelta ci permette di mantenere il controllo [&hellip;]<\/p>\n","protected":false},"author":2,"featured_media":0,"parent":0,"menu_order":0,"comment_status":"closed","ping_status":"closed","template":"elementor_header_footer","meta":{"footnotes":""},"class_list":["post-3117","page","type-page","status-publish","hentry"],"_links":{"self":[{"href":"http:\/\/www.villaggiolab.it\/cennamo\/wp-json\/wp\/v2\/pages\/3117","targetHints":{"allow":["GET"]}}],"collection":[{"href":"http:\/\/www.villaggiolab.it\/cennamo\/wp-json\/wp\/v2\/pages"}],"about":[{"href":"http:\/\/www.villaggiolab.it\/cennamo\/wp-json\/wp\/v2\/types\/page"}],"author":[{"embeddable":true,"href":"http:\/\/www.villaggiolab.it\/cennamo\/wp-json\/wp\/v2\/users\/2"}],"replies":[{"embeddable":true,"href":"http:\/\/www.villaggiolab.it\/cennamo\/wp-json\/wp\/v2\/comments?post=3117"}],"version-history":[{"count":22,"href":"http:\/\/www.villaggiolab.it\/cennamo\/wp-json\/wp\/v2\/pages\/3117\/revisions"}],"predecessor-version":[{"id":4072,"href":"http:\/\/www.villaggiolab.it\/cennamo\/wp-json\/wp\/v2\/pages\/3117\/revisions\/4072"}],"wp:attachment":[{"href":"http:\/\/www.villaggiolab.it\/cennamo\/wp-json\/wp\/v2\/media?parent=3117"}],"curies":[{"name":"wp","href":"https:\/\/api.w.org\/{rel}","templated":true}]}}