{"id":3614,"date":"2026-04-28T10:01:43","date_gmt":"2026-04-28T08:01:43","guid":{"rendered":"https:\/\/www.villaggiolab.it\/cennamo\/?post_type=product&#038;p=3614"},"modified":"2026-04-28T10:09:38","modified_gmt":"2026-04-28T08:09:38","slug":"ht-diet-dog-adult-all-breeds-weight-control","status":"publish","type":"product","link":"https:\/\/www.villaggiolab.it\/cennamo\/prodotto\/ht-diet-dog-adult-all-breeds-weight-control\/","title":{"rendered":"HT DIET Dog Adult All Breeds Weight Control"},"content":{"rendered":"<p>Linea:\u00a0<strong>Healthy And Tasty<\/strong><br \/>\nFormato confezione:\u00a0<strong>1,5 Kg &#8211; 10 Kg<br \/>\n<\/strong>Ingredienti principali:<strong>\u00a0Agnello<\/strong><br \/>\nSKU:<strong>HTDGDT07 &#8211; HTDGDT08<\/strong><\/p>\n<p>\u00c8 un alimento dietetico per cani adulti, specificatamente formulato per soggetti con problemi di obesit\u00e0. La sua composizione con riso integrale \u00e8 caratterizzata da un ridotto contenuto di grassi e un elevato apporto di fibra grezza che supporta efficacemente la gestione del peso corporeo del cane. Include inoltre FOS e MOS che rafforzano la microflora intestinale e stimolano il sistema immunitario. Tutti gli ingredienti sono di elevata digeribilit\u00e0 e bassa concentrazione di grassi.<\/p>\n<p><strong>Per cani con problemi di obesit\u00e0<br \/>\nNON INDICATO PER: cagne in stato di gravidanza o allattamento<\/strong><\/p>\n<ul>\n<li>Alta percentuale di carne<\/li>\n<li>Senza Grano e Senza Mais<\/li>\n<li>Ingredienti funzionali e superfood<\/li>\n<\/ul>\n<p><a class=\"btn-cennamo\" href=\"http:\/\/www.villaggiolab.it\/cennamo\/wp-content\/uploads\/2026\/04\/HT-Weight-control.pdf\" target=\"_blank\" rel=\"noopener\">SCARICA LA SCHEDA<\/a><\/p>\n","protected":false},"excerpt":{"rendered":"<p>Linea:\u00a0Healthy And Tasty Formato confezione:\u00a01,5 Kg &#8211; 10 Kg Ingredienti principali:\u00a0Agnello SKU:HTDGDT07 &#8211; HTDGDT08 \u00c8 un alimento dietetico per cani adulti, specificatamente formulato per soggetti con problemi di obesit\u00e0. La sua composizione con riso integrale \u00e8 caratterizzata da un ridotto contenuto di grassi e un elevato apporto di fibra grezza che supporta efficacemente la gestione [&hellip;]<\/p>\n","protected":false},"featured_media":3615,"template":"","meta":[],"product_brand":[],"product_cat":[37,31,17],"product_tag":[],"class_list":{"0":"post-3614","1":"product","2":"type-product","3":"status-publish","4":"has-post-thumbnail","6":"product_cat-cane","7":"product_cat-ht-healty-and-tasty","8":"product_cat-prodotti","10":"first","11":"instock","12":"shipping-taxable","13":"product-type-simple"},"_links":{"self":[{"href":"https:\/\/www.villaggiolab.it\/cennamo\/wp-json\/wp\/v2\/product\/3614","targetHints":{"allow":["GET"]}}],"collection":[{"href":"https:\/\/www.villaggiolab.it\/cennamo\/wp-json\/wp\/v2\/product"}],"about":[{"href":"https:\/\/www.villaggiolab.it\/cennamo\/wp-json\/wp\/v2\/types\/product"}],"wp:featuredmedia":[{"embeddable":true,"href":"https:\/\/www.villaggiolab.it\/cennamo\/wp-json\/wp\/v2\/media\/3615"}],"wp:attachment":[{"href":"https:\/\/www.villaggiolab.it\/cennamo\/wp-json\/wp\/v2\/media?parent=3614"}],"wp:term":[{"taxonomy":"product_brand","embeddable":true,"href":"https:\/\/www.villaggiolab.it\/cennamo\/wp-json\/wp\/v2\/product_brand?post=3614"},{"taxonomy":"product_cat","embeddable":true,"href":"https:\/\/www.villaggiolab.it\/cennamo\/wp-json\/wp\/v2\/product_cat?post=3614"},{"taxonomy":"product_tag","embeddable":true,"href":"https:\/\/www.villaggiolab.it\/cennamo\/wp-json\/wp\/v2\/product_tag?post=3614"}],"curies":[{"name":"wp","href":"https:\/\/api.w.org\/{rel}","templated":true}]}}