{"id":3652,"date":"2026-04-28T12:07:02","date_gmt":"2026-04-28T10:07:02","guid":{"rendered":"https:\/\/www.villaggiolab.it\/cennamo\/?post_type=product&#038;p=3652"},"modified":"2026-04-28T12:12:50","modified_gmt":"2026-04-28T10:12:50","slug":"prestige-dog-adult-all-breeds-cervo","status":"publish","type":"product","link":"https:\/\/www.villaggiolab.it\/cennamo\/prodotto\/prestige-dog-adult-all-breeds-cervo\/","title":{"rendered":"PRESTIGE Dog Adult All Breeds Cervo"},"content":{"rendered":"<p>Linea:\u00a0<strong>Prestige<\/strong><br \/>\nFormato confezione:\u00a0<strong>2 Kg &#8211; 12 Kg<br \/>\n<\/strong>Ingredienti principali:<strong>Cervo<\/strong><br \/>\nSKU:<strong>PRGOLD034 &#8211; PRGOLD020<\/strong><\/p>\n<p>Alimento di alta qualit\u00e0 completo e bilanciato per cani adulti di tutte le taglie. Formulato con cervo quale unica fonte d\u00ec proteina animale* e senza l&#8217;aggiunta di conservanti, coloranti e aromatizzanti artificiali, \u00e8 per questo altamente appetibile e perfetto per mantenere il cane in salute.<\/p>\n<ul>\n<li>Optimal Equilibrium: la ricetta \u00e8 bilanciata per garantire i fabbisogni di cani adulti con un normale stile di vita.<\/li>\n<li>Immune Plus: l&#8217;aggiunta di Zinco contribuisce a supportare il buon funzionamento del sistema immunitario.<\/li>\n<li>Digestive Care: la presenza di fruttoligosaccardidi (inulina) ad azione prebiotica, favorisce la buona digestione.<\/li>\n<li>Joint Support: glucosamina e condroitin solfato sono aggiunte per supportare l&#8217;apparato muscolo-scheletrico.<\/li>\n<li>Coat &#038; Skin Care: l&#8217;olio di pollo aggiunto alla ricetta aiuta a mantenere cute e mantello in salute.<\/li>\n<\/ul>\n<p><a class=\"btn-cennamo\" href=\"http:\/\/www.villaggiolab.it\/cennamo\/wp-content\/uploads\/2026\/04\/Adult-All-Breeds-Cervo.pdf\" target=\"_blank\" rel=\"noopener\">SCARICA LA SCHEDA<\/a><\/p>\n","protected":false},"excerpt":{"rendered":"<p>Linea:\u00a0Prestige Formato confezione:\u00a02 Kg &#8211; 12 Kg Ingredienti principali:Cervo SKU:PRGOLD034 &#8211; PRGOLD020 Alimento di alta qualit\u00e0 completo e bilanciato per cani adulti di tutte le taglie. Formulato con cervo quale unica fonte d\u00ec proteina animale* e senza l&#8217;aggiunta di conservanti, coloranti e aromatizzanti artificiali, \u00e8 per questo altamente appetibile e perfetto per mantenere il cane [&hellip;]<\/p>\n","protected":false},"featured_media":3653,"template":"","meta":[],"product_brand":[],"product_cat":[37,32,17],"product_tag":[],"class_list":{"0":"post-3652","1":"product","2":"type-product","3":"status-publish","4":"has-post-thumbnail","6":"product_cat-cane","7":"product_cat-prestige","8":"product_cat-prodotti","10":"first","11":"instock","12":"shipping-taxable","13":"product-type-simple"},"_links":{"self":[{"href":"https:\/\/www.villaggiolab.it\/cennamo\/wp-json\/wp\/v2\/product\/3652","targetHints":{"allow":["GET"]}}],"collection":[{"href":"https:\/\/www.villaggiolab.it\/cennamo\/wp-json\/wp\/v2\/product"}],"about":[{"href":"https:\/\/www.villaggiolab.it\/cennamo\/wp-json\/wp\/v2\/types\/product"}],"wp:featuredmedia":[{"embeddable":true,"href":"https:\/\/www.villaggiolab.it\/cennamo\/wp-json\/wp\/v2\/media\/3653"}],"wp:attachment":[{"href":"https:\/\/www.villaggiolab.it\/cennamo\/wp-json\/wp\/v2\/media?parent=3652"}],"wp:term":[{"taxonomy":"product_brand","embeddable":true,"href":"https:\/\/www.villaggiolab.it\/cennamo\/wp-json\/wp\/v2\/product_brand?post=3652"},{"taxonomy":"product_cat","embeddable":true,"href":"https:\/\/www.villaggiolab.it\/cennamo\/wp-json\/wp\/v2\/product_cat?post=3652"},{"taxonomy":"product_tag","embeddable":true,"href":"https:\/\/www.villaggiolab.it\/cennamo\/wp-json\/wp\/v2\/product_tag?post=3652"}],"curies":[{"name":"wp","href":"https:\/\/api.w.org\/{rel}","templated":true}]}}