{"id":3676,"date":"2026-04-29T10:06:55","date_gmt":"2026-04-29T08:06:55","guid":{"rendered":"https:\/\/www.villaggiolab.it\/cennamo\/?post_type=product&#038;p=3676"},"modified":"2026-04-29T10:18:19","modified_gmt":"2026-04-29T08:18:19","slug":"prestige-cat-adult-sterilized-aringa","status":"publish","type":"product","link":"https:\/\/www.villaggiolab.it\/cennamo\/prodotto\/prestige-cat-adult-sterilized-aringa\/","title":{"rendered":"PRESTIGE Cat Adult Sterilized Aringa"},"content":{"rendered":"<p>Linea:\u00a0<strong>Prestige<\/strong><br \/>\nFormato confezione:\u00a0<strong>300 gr &#8211; 1,5 Kg &#8211; 10 Kg<\/strong><br \/>\nIngredienti principali:<strong>Aringa<\/strong><br \/>\nSKU:<strong>PRCTST15 &#8211; PRCTST07 &#8211; PRCTST08<\/strong><\/p>\n<p>Un alimento secco per gatti adulti sterilizzati a base di aringa, quale unica fonte di proteina animale. Dopo la sterilizzazione spesso i gatti tendono ad assumere una maggiore quantit\u00e0 di nutrienti. Al tempo stesso per\u00f2 diventano meno attivi, il che pu\u00f2 essere causa di sovrappeso. PRESTIGE Cat Adult Sterilized Aringa pu\u00f2 essere d\u2019aiuto riducendo il rischio di un aumento eccessivo del peso e nonostante ci\u00f2 possa saziare il vostro gatto.<\/p>\n<p><a class=\"btn-cennamo\" href=\"http:\/\/www.villaggiolab.it\/cennamo\/wp-content\/uploads\/2026\/04\/PRCTST08.pdf\" target=\"_blank\" rel=\"noopener\">SCARICA LA SCHEDA<\/a><\/p>\n","protected":false},"excerpt":{"rendered":"<p>Linea:\u00a0Prestige Formato confezione:\u00a0300 gr &#8211; 1,5 Kg &#8211; 10 Kg Ingredienti principali:Aringa SKU:PRCTST15 &#8211; PRCTST07 &#8211; PRCTST08 Un alimento secco per gatti adulti sterilizzati a base di aringa, quale unica fonte di proteina animale. Dopo la sterilizzazione spesso i gatti tendono ad assumere una maggiore quantit\u00e0 di nutrienti. Al tempo stesso per\u00f2 diventano meno attivi, [&hellip;]<\/p>\n","protected":false},"featured_media":3677,"template":"","meta":[],"product_brand":[],"product_cat":[38,32,17],"product_tag":[],"class_list":{"0":"post-3676","1":"product","2":"type-product","3":"status-publish","4":"has-post-thumbnail","6":"product_cat-gatto","7":"product_cat-prestige","8":"product_cat-prodotti","10":"first","11":"instock","12":"shipping-taxable","13":"product-type-simple"},"_links":{"self":[{"href":"https:\/\/www.villaggiolab.it\/cennamo\/wp-json\/wp\/v2\/product\/3676","targetHints":{"allow":["GET"]}}],"collection":[{"href":"https:\/\/www.villaggiolab.it\/cennamo\/wp-json\/wp\/v2\/product"}],"about":[{"href":"https:\/\/www.villaggiolab.it\/cennamo\/wp-json\/wp\/v2\/types\/product"}],"wp:featuredmedia":[{"embeddable":true,"href":"https:\/\/www.villaggiolab.it\/cennamo\/wp-json\/wp\/v2\/media\/3677"}],"wp:attachment":[{"href":"https:\/\/www.villaggiolab.it\/cennamo\/wp-json\/wp\/v2\/media?parent=3676"}],"wp:term":[{"taxonomy":"product_brand","embeddable":true,"href":"https:\/\/www.villaggiolab.it\/cennamo\/wp-json\/wp\/v2\/product_brand?post=3676"},{"taxonomy":"product_cat","embeddable":true,"href":"https:\/\/www.villaggiolab.it\/cennamo\/wp-json\/wp\/v2\/product_cat?post=3676"},{"taxonomy":"product_tag","embeddable":true,"href":"https:\/\/www.villaggiolab.it\/cennamo\/wp-json\/wp\/v2\/product_tag?post=3676"}],"curies":[{"name":"wp","href":"https:\/\/api.w.org\/{rel}","templated":true}]}}