{"id":3759,"date":"2026-04-30T11:28:17","date_gmt":"2026-04-30T09:28:17","guid":{"rendered":"https:\/\/www.villaggiolab.it\/cennamo\/?post_type=product&#038;p=3759"},"modified":"2026-04-30T11:31:16","modified_gmt":"2026-04-30T09:31:16","slug":"pluto-dog-adult-sport-all-breeds-pollo","status":"publish","type":"product","link":"https:\/\/www.villaggiolab.it\/cennamo\/prodotto\/pluto-dog-adult-sport-all-breeds-pollo\/","title":{"rendered":"PLUTO Dog Adult Sport All Breeds Pollo"},"content":{"rendered":"<p>Linea:\u00a0<strong>Pluto<\/strong><br \/>\nFormato confezione:\u00a0<strong>15 Kg<\/strong><br \/>\nIngredienti principali: <strong>Pollo<\/strong><br \/>\nSKU: <strong>0406<\/strong><\/p>\n<p>PLUTO DOG ADULT SPORT \u00c8 un alimento completo per cani adulti in attivit\u00e0. La tecnologia con la quale viene prodotto gli dona una particolare appetibilit\u00e0 e digeribilit\u00e0.<\/p>\n<p><a class=\"btn-cennamo\" href=\"http:\/\/www.villaggiolab.it\/cennamo\/wp-content\/uploads\/2026\/04\/pluto_sport.pdf\" target=\"_blank\" rel=\"noopener\">SCARICA LA SCHEDA<\/a><\/p>\n","protected":false},"excerpt":{"rendered":"<p>Linea:\u00a0Pluto Formato confezione:\u00a015 Kg Ingredienti principali: Pollo SKU: 0406 PLUTO DOG ADULT SPORT \u00c8 un alimento completo per cani adulti in attivit\u00e0. La tecnologia con la quale viene prodotto gli dona una particolare appetibilit\u00e0 e digeribilit\u00e0. SCARICA LA SCHEDA<\/p>\n","protected":false},"featured_media":3761,"template":"","meta":[],"product_brand":[],"product_cat":[37,49,17],"product_tag":[],"class_list":{"0":"post-3759","1":"product","2":"type-product","3":"status-publish","4":"has-post-thumbnail","6":"product_cat-cane","7":"product_cat-pluto","8":"product_cat-prodotti","10":"first","11":"instock","12":"shipping-taxable","13":"product-type-simple"},"_links":{"self":[{"href":"https:\/\/www.villaggiolab.it\/cennamo\/wp-json\/wp\/v2\/product\/3759","targetHints":{"allow":["GET"]}}],"collection":[{"href":"https:\/\/www.villaggiolab.it\/cennamo\/wp-json\/wp\/v2\/product"}],"about":[{"href":"https:\/\/www.villaggiolab.it\/cennamo\/wp-json\/wp\/v2\/types\/product"}],"wp:featuredmedia":[{"embeddable":true,"href":"https:\/\/www.villaggiolab.it\/cennamo\/wp-json\/wp\/v2\/media\/3761"}],"wp:attachment":[{"href":"https:\/\/www.villaggiolab.it\/cennamo\/wp-json\/wp\/v2\/media?parent=3759"}],"wp:term":[{"taxonomy":"product_brand","embeddable":true,"href":"https:\/\/www.villaggiolab.it\/cennamo\/wp-json\/wp\/v2\/product_brand?post=3759"},{"taxonomy":"product_cat","embeddable":true,"href":"https:\/\/www.villaggiolab.it\/cennamo\/wp-json\/wp\/v2\/product_cat?post=3759"},{"taxonomy":"product_tag","embeddable":true,"href":"https:\/\/www.villaggiolab.it\/cennamo\/wp-json\/wp\/v2\/product_tag?post=3759"}],"curies":[{"name":"wp","href":"https:\/\/api.w.org\/{rel}","templated":true}]}}